{"id":6,"date":"2016-07-14T02:27:55","date_gmt":"2016-07-14T02:27:55","guid":{"rendered":"https:\/\/www.mervealadag.com\/?page_id=6"},"modified":"2025-04-21T11:29:13","modified_gmt":"2025-04-21T08:29:13","slug":"about","status":"publish","type":"page","link":"https:\/\/www.mervealadag.com\/?page_id=6","title":{"rendered":"What I create"},"content":{"rendered":"<p><div class=\"fusion-fullwidth fullwidth-box nonhundred-percent-fullwidth non-hundred-percent-height-scrolling\"  style='background-color: rgba(255,255,255,0);background-position: center center;background-repeat: no-repeat;padding-top:0px;padding-right:0px;padding-bottom:0px;padding-left:0px;'><div class=\"fusion-builder-row fusion-row \"><div  class=\"fusion-layout-column fusion_builder_column fusion_builder_column_1_1 fusion-builder-column-1 fusion-one-full fusion-column-first fusion-column-last 1_1\"  style='margin-top:0px;margin-bottom:0px;'>\n\t\t\t\t\t<div class=\"fusion-column-wrapper\" style=\"padding: 0px 0px 0px 0px;background-position:left top;background-repeat:no-repeat;-webkit-background-size:cover;-moz-background-size:cover;-o-background-size:cover;background-size:cover;\"   data-bg-url=\"\">\n\t\t\t\t\t\t<div class=\"fusion-text\"><p>I open the doors to my creative process, sharing valuable insights and tips.I dive into the intricacies of product design, offering practical tutorials, design critiques, and explorations of innovative design trends.<\/p>\n<div id=\"gtx-trans\" style=\"position: absolute; left: 1124px; top: 85.2969px;\">\n<div class=\"gtx-trans-icon\"><\/div>\n<\/div>\n<\/div><style type=\"text\/css\">.fusion-gallery-1 .fusion-gallery-image {border:0px solid #f6f6f6;}<\/style><div class=\"fusion-gallery fusion-gallery-container fusion-grid-1 fusion-columns-total-0 fusion-gallery-layout-grid fusion-gallery-1\" style=\"margin:-5px;\"><div style=\"padding:5px;\" class=\"fusion-grid-column fusion-gallery-column fusion-gallery-column-1 hover-type-none\"><div class=\"fusion-gallery-image\"><a href=\"https:\/\/www.mervealadag.com\/wp-content\/uploads\/2025\/04\/Frame-1437254152.png\" data-rel=\"iLightbox[gallery_image_1]\" class=\"fusion-lightbox\" target=\"_self\"><img loading=\"lazy\" src=\"https:\/\/www.mervealadag.com\/wp-content\/uploads\/2025\/04\/Frame-1437254152.png\" width=\"1316\" height=\"496\" alt=\"\" title=\"Frame 1437254152\" aria-label=\"Frame 1437254152\" class=\"img-responsive wp-image-2387\" \/><\/a><\/div><\/div><div class=\"clearfix\"><\/div><div style=\"padding:5px;\" class=\"fusion-grid-column fusion-gallery-column fusion-gallery-column-1 hover-type-none\"><div class=\"fusion-gallery-image\"><a href=\"https:\/\/www.mervealadag.com\/wp-content\/uploads\/2023\/11\/Frame-1000004717-1.png\" data-rel=\"iLightbox[gallery_image_1]\" class=\"fusion-lightbox\" target=\"_self\"><img loading=\"lazy\" src=\"https:\/\/www.mervealadag.com\/wp-content\/uploads\/2023\/11\/Frame-1000004717-1.png\" width=\"1974\" height=\"633\" alt=\"\" title=\"Frame 1000004717\" aria-label=\"Frame 1000004717\" class=\"img-responsive wp-image-2225\" \/><\/a><\/div><\/div><div class=\"clearfix\"><\/div><\/div><div class=\"fusion-clearfix\"><\/div>\n\n\t\t\t\t\t<\/div>\n\t\t\t\t<\/div><\/div><\/div><div class=\"fusion-fullwidth fullwidth-box nonhundred-percent-fullwidth non-hundred-percent-height-scrolling\"  style='background-color: rgba(255,255,255,0);background-position: center center;background-repeat: no-repeat;padding-top:0px;padding-right:0px;padding-bottom:0px;padding-left:0px;'><div class=\"fusion-builder-row fusion-row \"><div  class=\"fusion-layout-column fusion_builder_column fusion_builder_column_1_1 fusion-builder-column-2 fusion-one-full fusion-column-first fusion-column-last 1_1\"  style='margin-top:0px;margin-bottom:0px;'>\n\t\t\t\t\t<div class=\"fusion-column-wrapper\" style=\"padding: 0px 0px 0px 0px;background-position:left top;background-repeat:no-repeat;-webkit-background-size:cover;-moz-background-size:cover;-o-background-size:cover;background-size:cover;\"   data-bg-url=\"\">\n\t\t\t\t\t\t<div class=\"fusion-text\"><p>My Youtube Channel<\/p>\n<div id=\"gtx-trans\" style=\"position: absolute; left: 1124px; top: 85.2969px;\">\n<div class=\"gtx-trans-icon\"><\/div>\n<\/div>\n<\/div><div class=\"fusion-slider-sc fusion-flexslider-loading flexslider flexslider-hover-type-none\" style=\"max-width:100%;height:100%;\"><ul class=\"slides\"><li class=\"video\"><div class=\"full-video\"><iframe loading=\"lazy\" title=\"YouTube video player\" src=\"https:\/\/www.youtube.com\/embed\/03lArfVEStI?si=xVbaJI2W3Vut0tsv\" width=\"560\" height=\"315\" frameborder=\"0\" allowfullscreen=\"allowfullscreen\"><\/iframe><\/div><\/li><li class=\"video\"><div class=\"full-video\"><iframe loading=\"lazy\" title=\"YouTube video player\" src=\"https:\/\/www.youtube.com\/embed\/TXfpQGsJBBw?si=PptOOIje4PYgH4pj\" width=\"560\" height=\"315\" frameborder=\"0\" allowfullscreen=\"allowfullscreen\"><\/iframe><\/div><\/li><li class=\"video\"><div class=\"full-video\"><iframe loading=\"lazy\" title=\"YouTube video player\" src=\"https:\/\/www.youtube.com\/embed\/kUPtjWWLdiM?si=B7lfq5CvmOnWSClj\" width=\"560\" height=\"315\" frameborder=\"0\" allowfullscreen=\"allowfullscreen\"><\/iframe><\/div><\/li><li class=\"video\"><div class=\"full-video\"><iframe loading=\"lazy\" title=\"YouTube video player\" src=\"https:\/\/www.youtube.com\/embed\/-_H7VTmhIIw?si=hVD91BSUcrrqMdUi\" width=\"560\" height=\"315\" frameborder=\"0\" allowfullscreen=\"allowfullscreen\"><\/iframe><\/div><\/li><\/ul><\/div><div class=\"fusion-clearfix\"><\/div>\n\n\t\t\t\t\t<\/div>\n\t\t\t\t<\/div><\/div><\/div><div class=\"fusion-fullwidth fullwidth-box nonhundred-percent-fullwidth non-hundred-percent-height-scrolling\"  style='background-color: rgba(255,255,255,0);background-position: center center;background-repeat: no-repeat;padding-top:0px;padding-right:0px;padding-bottom:0px;padding-left:0px;'><div class=\"fusion-builder-row fusion-row \"><div  class=\"fusion-layout-column fusion_builder_column fusion_builder_column_1_1 fusion-builder-column-3 fusion-one-full fusion-column-first fusion-column-last 1_1\"  style='margin-top:0px;margin-bottom:0px;'>\n\t\t\t\t\t<div class=\"fusion-column-wrapper\" style=\"padding: 0px 0px 0px 0px;background-position:left top;background-repeat:no-repeat;-webkit-background-size:cover;-moz-background-size:cover;-o-background-size:cover;background-size:cover;\"   data-bg-url=\"\">\n\t\t\t\t\t\t<style type=\"text\/css\">.fusion-gallery-2 .fusion-gallery-image {border:0px solid #f6f6f6;}<\/style><div class=\"fusion-gallery fusion-gallery-container fusion-grid-1 fusion-columns-total-0 fusion-gallery-layout-grid fusion-gallery-2\" style=\"margin:-5px;\"><div style=\"padding:5px;\" class=\"fusion-grid-column fusion-gallery-column fusion-gallery-column-1 hover-type-none\"><div class=\"fusion-gallery-image\"><a href=\"https:\/\/www.mervealadag.com\/wp-content\/uploads\/2024\/04\/Frame-1000005055.png\" data-rel=\"iLightbox[gallery_image_2]\" class=\"fusion-lightbox\" target=\"_self\"><img loading=\"lazy\" src=\"https:\/\/www.mervealadag.com\/wp-content\/uploads\/2024\/04\/Frame-1000005055.png\" width=\"3218\" height=\"1133\" alt=\"\" title=\"Frame 1000005055\" aria-label=\"Frame 1000005055\" class=\"img-responsive wp-image-2335\" \/><\/a><\/div><\/div><div class=\"clearfix\"><\/div><div style=\"padding:5px;\" class=\"fusion-grid-column fusion-gallery-column fusion-gallery-column-1 hover-type-none\"><div class=\"fusion-gallery-image\"><a href=\"https:\/\/www.mervealadag.com\/wp-content\/uploads\/2024\/04\/Frame-1000005057.png\" data-rel=\"iLightbox[gallery_image_2]\" class=\"fusion-lightbox\" target=\"_self\"><img loading=\"lazy\" src=\"https:\/\/www.mervealadag.com\/wp-content\/uploads\/2024\/04\/Frame-1000005057.png\" width=\"3218\" height=\"1139\" alt=\"\" title=\"Frame 1000005057\" aria-label=\"Frame 1000005057\" class=\"img-responsive wp-image-2331\" \/><\/a><\/div><\/div><div class=\"clearfix\"><\/div><div style=\"padding:5px;\" class=\"fusion-grid-column fusion-gallery-column fusion-gallery-column-1 hover-type-none\"><div class=\"fusion-gallery-image\"><a href=\"https:\/\/www.mervealadag.com\/wp-content\/uploads\/2024\/04\/Frame-1000005060.png\" data-rel=\"iLightbox[gallery_image_2]\" class=\"fusion-lightbox\" target=\"_self\"><img loading=\"lazy\" src=\"https:\/\/www.mervealadag.com\/wp-content\/uploads\/2024\/04\/Frame-1000005060.png\" width=\"3218\" height=\"1139\" alt=\"\" title=\"Frame 1000005060\" aria-label=\"Frame 1000005060\" class=\"img-responsive wp-image-2333\" \/><\/a><\/div><\/div><div class=\"clearfix\"><\/div><div style=\"padding:5px;\" class=\"fusion-grid-column fusion-gallery-column fusion-gallery-column-1 hover-type-none\"><div class=\"fusion-gallery-image\"><a href=\"https:\/\/www.mervealadag.com\/wp-content\/uploads\/2024\/04\/Frame-1000005059.png\" data-rel=\"iLightbox[gallery_image_2]\" class=\"fusion-lightbox\" target=\"_self\"><img loading=\"lazy\" src=\"https:\/\/www.mervealadag.com\/wp-content\/uploads\/2024\/04\/Frame-1000005059.png\" width=\"3266\" height=\"1145\" alt=\"\" title=\"Frame 1000005059\" aria-label=\"Frame 1000005059\" class=\"img-responsive wp-image-2332\" \/><\/a><\/div><\/div><div class=\"clearfix\"><\/div><div style=\"padding:5px;\" class=\"fusion-grid-column fusion-gallery-column fusion-gallery-column-1 hover-type-none\"><div class=\"fusion-gallery-image\"><a href=\"https:\/\/www.mervealadag.com\/wp-content\/uploads\/2024\/04\/Frame-1000005056.png\" data-rel=\"iLightbox[gallery_image_2]\" class=\"fusion-lightbox\" target=\"_self\"><img loading=\"lazy\" src=\"https:\/\/www.mervealadag.com\/wp-content\/uploads\/2024\/04\/Frame-1000005056.png\" width=\"3180\" height=\"1052\" alt=\"\" title=\"Frame 1000005056\" aria-label=\"Frame 1000005056\" class=\"img-responsive wp-image-2334\" \/><\/a><\/div><\/div><div class=\"clearfix\"><\/div><\/div><div class=\"fusion-sep-clear\"><\/div><div class=\"fusion-separator fusion-full-width-sep sep-none\" style=\"margin-left: auto;margin-right: auto;margin-top:;\"><\/div><div class=\"fusion-clearfix\"><\/div>\n\n\t\t\t\t\t<\/div>\n\t\t\t\t<\/div><\/div><\/div><div class=\"fusion-fullwidth fullwidth-box nonhundred-percent-fullwidth non-hundred-percent-height-scrolling\"  style='background-color: rgba(255,255,255,0);background-position: center center;background-repeat: no-repeat;padding-top:0px;padding-right:0px;padding-bottom:0px;padding-left:0px;'><div class=\"fusion-builder-row fusion-row \"><div  class=\"fusion-layout-column fusion_builder_column fusion_builder_column_1_1 fusion-builder-column-4 fusion-one-full fusion-column-first fusion-column-last 1_1\"  style='margin-top:0px;margin-bottom:0px;'>\n\t\t\t\t\t<div class=\"fusion-column-wrapper\" style=\"padding: 0px 0px 0px 0px;background-position:left top;background-repeat:no-repeat;-webkit-background-size:cover;-moz-background-size:cover;-o-background-size:cover;background-size:cover;\"   data-bg-url=\"\">\n\t\t\t\t\t\t<div class=\"fusion-sep-clear\"><\/div><div class=\"fusion-separator fusion-no-medium-visibility fusion-full-width-sep sep-single sep-solid\" style=\"border-color:var(--awb-color4);border-top-width:1px;margin-left: auto;margin-right: auto;margin-top:;\"><\/div><div class=\"fusion-blog-shortcode fusion-blog-shortcode-1 fusion-blog-archive fusion-blog-layout-medium fusion-blog-pagination\"><div class=\"fusion-posts-container fusion-posts-container-pagination fusion-blog-rollover\" data-pages=\"6\"><article id=\"blog-1-post-2349\" class=\"fusion-post-medium has-post-thumbnail post-2349 post type-post status-publish format-standard hentry category-latest-articles category-ux-ui-education\">\n\t<style type=\"text\/css\">\n\t\t\n\t\t\n\t\t\n\t\t\n\t\t\t<\/style>\n\n\n\t\t\t<div class=\"fusion-flexslider flexslider fusion-flexslider-loading fusion-post-slideshow\" style=\"\">\n\t\t<ul class=\"slides\">\n\t\t\t\n\t\t\t\t\t\t\t\t\t\t\t\t\t\t<li>\n\n<div  class=\"fusion-image-wrapper fusion-image-size-fixed\" aria-haspopup=\"true\">\n\t\n\t\n\t\t\n\t\t\t\t\t<img width=\"2160\" height=\"2160\" src=\"https:\/\/www.mervealadag.com\/wp-content\/uploads\/2024\/05\/63.png\" class=\"attachment-blog-large size-blog-large wp-post-image\" alt=\"\" loading=\"lazy\" srcset=\"https:\/\/www.mervealadag.com\/wp-content\/uploads\/2024\/05\/63-150x150.png 150w, https:\/\/www.mervealadag.com\/wp-content\/uploads\/2024\/05\/63-300x300.png 300w, https:\/\/www.mervealadag.com\/wp-content\/uploads\/2024\/05\/63-768x768.png 768w, https:\/\/www.mervealadag.com\/wp-content\/uploads\/2024\/05\/63-1024x1024.png 1024w, https:\/\/www.mervealadag.com\/wp-content\/uploads\/2024\/05\/63-1536x1536.png 1536w, https:\/\/www.mervealadag.com\/wp-content\/uploads\/2024\/05\/63.png 2160w\" sizes=\"(max-width: 2160px) 100vw, 2160px\" \/>\n\t\n\n\t\t<div class=\"fusion-rollover\">\n\t<div class=\"fusion-rollover-content\">\n\n\t\t\t\t\t\t\t\t\t\t\t\t\t\t<a class=\"fusion-rollover-link\" href=\"https:\/\/www.mervealadag.com\/?p=2349\">Text Cases to Use for UI Design<\/a>\n\t\t\t\n\t\t\t\t\t\t\t\t\t\t\t\t\t\t\n\t\t\t\t\t\t\t\t\n\t\t\t\t\t\t\t\t\t\t\t\t\t<div class=\"fusion-rollover-sep\"><\/div>\n\t\t\t\t\n\t\t\t\t\t\t\t\t\t\t\t\t\t\t\t\t\t\t<a class=\"fusion-rollover-gallery\" href=\"https:\/\/www.mervealadag.com\/wp-content\/uploads\/2024\/05\/63.png\" data-id=\"2349\" data-rel=\"iLightbox[gallery]\" data-title=\"63\" data-caption=\"\">\n\t\t\t\t\t\tGallery\t\t\t\t\t<\/a>\n\t\t\t\t\t\t\t\t\t\t\t\t\t\t\n\t\t\t\t\n\t\t\t\t\t\t\t\t\n\t\t\t\t\t\t\t\t\n\t\t\n\t\t\t\t<a class=\"fusion-link-wrapper\" href=\"https:\/\/www.mervealadag.com\/?p=2349\" aria-label=\"Text Cases to Use for UI Design\"><\/a>\n\t<\/div>\n<\/div>\n\n\t\n<\/div>\n<\/li>\n\t\t\t\n\t\t\t\n\t\t\t\t\t\t\t\t\t\t\t\t\t\t\t\t\t\t\t\t\t\t\t\t\t\t\t\t\t\t\t\t\t\t\t\t\t\t\t\t\t\t\t\t\t\t\t\t\t\t\t\t\t\t\t\t\t\t\t\t\t\t\t\t\t\t\t\t<\/ul>\n\t<\/div>\n\t<div class=\"fusion-post-content post-content\"><h2 class=\"blog-shortcode-post-title entry-title\"><a href=\"https:\/\/www.mervealadag.com\/?p=2349\">Text Cases to Use for UI Design<\/a><\/h2><div class=\"fusion-post-content-container\"><p>   In typography and UI design, \"letter cases\" [...]<\/p><\/div><\/div><div class=\"fusion-clearfix\"><\/div><div class=\"fusion-meta-info\"><div class=\"fusion-alignleft\">By <span class=\"vcard\"><span class=\"fn\"><a href=\"https:\/\/www.mervealadag.com\/?author=1\" title=\"merve taraf\u0131ndan yaz\u0131lan yaz\u0131lar\" rel=\"author\">merve<\/a><\/span><\/span><span class=\"fusion-inline-sep\">|<\/span><span class=\"updated\" style=\"display:none;\">2024-05-06T18:32:34+03:00<\/span><span>18:25<\/span><span class=\"fusion-inline-sep\">|<\/span>Categories: <a href=\"https:\/\/www.mervealadag.com\/?cat=14\" rel=\"category\">Latest Articles<\/a>, <a href=\"https:\/\/www.mervealadag.com\/?cat=29\" rel=\"category\">UX-UI EDUCATION<\/a><span class=\"fusion-inline-sep\">|<\/span><span class=\"fusion-comments\"><a href=\"https:\/\/www.mervealadag.com\/?p=2349#respond\" itemprop=\"discussionURL\">0 Comments<\/a><\/span><\/div><div class=\"fusion-alignright\"><a class=\"fusion-read-more\" href=\"https:\/\/www.mervealadag.com\/?p=2349\">Read More<\/a><\/div><\/div><\/article>\n<\/div><div class=\"pagination clearfix\"><span class=\"current\">1<\/span><a href=\"https:\/\/www.mervealadag.com\/index.php?rest_route=%2Fwp%2Fv2%2Fpages%2F6&#038;paged=2\" class=\"inactive\">2<\/a><a class=\"pagination-next\" href=\"https:\/\/www.mervealadag.com\/index.php?rest_route=%2Fwp%2Fv2%2Fpages%2F6&#038;paged=2\"><span class=\"page-text\">Next<\/span><span class=\"page-next\"><\/span><\/a><\/div><div class=\"fusion-clearfix\"><\/div><\/div><div class=\"fusion-clearfix\"><\/div>\n\n\t\t\t\t\t<\/div>\n\t\t\t\t<\/div><\/div><\/div><\/p>\n","protected":false},"excerpt":{"rendered":"","protected":false},"author":1,"featured_media":0,"parent":0,"menu_order":0,"comment_status":"closed","ping_status":"closed","template":"","meta":[],"_links":{"self":[{"href":"https:\/\/www.mervealadag.com\/index.php?rest_route=\/wp\/v2\/pages\/6"}],"collection":[{"href":"https:\/\/www.mervealadag.com\/index.php?rest_route=\/wp\/v2\/pages"}],"about":[{"href":"https:\/\/www.mervealadag.com\/index.php?rest_route=\/wp\/v2\/types\/page"}],"author":[{"embeddable":true,"href":"https:\/\/www.mervealadag.com\/index.php?rest_route=\/wp\/v2\/users\/1"}],"replies":[{"embeddable":true,"href":"https:\/\/www.mervealadag.com\/index.php?rest_route=%2Fwp%2Fv2%2Fcomments&post=6"}],"version-history":[{"count":119,"href":"https:\/\/www.mervealadag.com\/index.php?rest_route=\/wp\/v2\/pages\/6\/revisions"}],"predecessor-version":[{"id":2474,"href":"https:\/\/www.mervealadag.com\/index.php?rest_route=\/wp\/v2\/pages\/6\/revisions\/2474"}],"wp:attachment":[{"href":"https:\/\/www.mervealadag.com\/index.php?rest_route=%2Fwp%2Fv2%2Fmedia&parent=6"}],"curies":[{"name":"wp","href":"https:\/\/api.w.org\/{rel}","templated":true}]}}